{"id":129,"date":"2025-04-27T01:16:46","date_gmt":"2025-04-26T23:16:46","guid":{"rendered":"http:\/\/jyudcbu.cluster100.hosting.ovh.net\/?page_id=127"},"modified":"2025-06-25T14:17:35","modified_gmt":"2025-06-25T12:17:35","slug":"leschambres","status":"publish","type":"page","link":"https:\/\/lemasdantonine.com\/index.php\/leschambres\/","title":{"rendered":"Les chambres"},"content":{"rendered":"\t\t<div data-elementor-type=\"page\" data-elementor-id=\"129\" class=\"elementor elementor-129\">\n\t\t\t\t<div class=\"elementor-element elementor-element-451e43a e-flex e-con-boxed wpr-particle-no wpr-jarallax-no wpr-parallax-no wpr-sticky-section-no e-con e-parent\" data-id=\"451e43a\" data-element_type=\"container\">\n\t\t\t\t\t<div class=\"e-con-inner\">\n\t\t\t\t<div class=\"elementor-element elementor-element-049e5ce elementor-widget-divider--view-line elementor-widget elementor-widget-divider\" data-id=\"049e5ce\" data-element_type=\"widget\" data-widget_type=\"divider.default\">\n\t\t\t\t<div class=\"elementor-widget-container\">\n\t\t\t\t\t\t\t<div class=\"elementor-divider\">\n\t\t\t<span class=\"elementor-divider-separator\">\n\t\t\t\t\t\t<\/span>\n\t\t<\/div>\n\t\t\t\t\t\t<\/div>\n\t\t\t\t<\/div>\n\t\t\t\t\t<\/div>\n\t\t\t\t<\/div>\n\t\t<div class=\"elementor-element elementor-element-a8ffb72 e-flex e-con-boxed wpr-particle-no wpr-jarallax-no wpr-parallax-no wpr-sticky-section-no e-con e-parent\" data-id=\"a8ffb72\" data-element_type=\"container\">\n\t\t\t\t\t<div class=\"e-con-inner\">\n\t\t<div class=\"elementor-element elementor-element-844a315 e-con-full e-flex wpr-particle-no wpr-jarallax-no wpr-parallax-no wpr-sticky-section-no e-con e-child\" data-id=\"844a315\" data-element_type=\"container\">\n\t\t\t\t<div class=\"elementor-element elementor-element-9f6576a elementor-widget elementor-widget-shortcode\" data-id=\"9f6576a\" data-element_type=\"widget\" data-widget_type=\"shortcode.default\">\n\t\t\t\t<div class=\"elementor-widget-container\">\n\t\t\t\t\t\t\t<div class=\"elementor-shortcode\"><div id=\"metaslider-id-358\" style=\"width: 100%;\" class=\"ml-slider-3-97-0 metaslider metaslider-flex metaslider-358 ml-slider has-onhover-arrows ms-theme-default-base nav-hidden\" role=\"region\" aria-roledescription=\"Slideshow\" aria-label=\"Chambre Odette\" data-width=\"700\">\n    <div id=\"metaslider_container_358\">\n        <div id=\"metaslider_358\">\n            <ul class='slides'>\n                <li style=\"display: block; width: 100%;\" class=\"slide-359 ms-image \" aria-roledescription=\"slide\" aria-label=\"slide-359\" data-date=\"2025-04-29 18:37:41\"><img fetchpriority=\"high\" decoding=\"async\" src=\"https:\/\/lemasdantonine.com\/wp-content\/uploads\/2025\/04\/Simple-Grid-Photo-Collage-Instagram-Post_20250226_153258_0000-700x700.png\" height=\"700\" width=\"700\" alt=\"Chambre Odette\" class=\"slider-358 slide-359\" title=\"Chambre Odette\" \/><\/li>\n                <li style=\"display: none; width: 100%;\" class=\"slide-361 ms-image \" aria-roledescription=\"slide\" aria-label=\"slide-361\" data-date=\"2025-04-29 18:42:31\"><img decoding=\"async\" src=\"https:\/\/lemasdantonine.com\/wp-content\/uploads\/2025\/04\/IMG_20230727_120926-scaled-700x700.jpg\" height=\"700\" width=\"700\" alt=\"Chambre Odette\" class=\"slider-358 slide-361\" title=\"Chambre Odette\" \/><\/li>\n                <li style=\"display: none; width: 100%;\" class=\"slide-362 ms-image \" aria-roledescription=\"slide\" aria-label=\"slide-362\" data-date=\"2025-04-29 18:42:41\"><img decoding=\"async\" src=\"https:\/\/lemasdantonine.com\/wp-content\/uploads\/2025\/04\/IMG_20230727_120513-scaled-700x700.jpg\" height=\"700\" width=\"700\" alt=\"\" class=\"slider-358 slide-362\" title=\"Chambre Odette\" \/><\/li>\n                <li style=\"display: none; width: 100%;\" class=\"slide-364 ms-image \" aria-roledescription=\"slide\" aria-label=\"slide-364\" data-date=\"2025-04-29 18:43:07\"><img loading=\"lazy\" decoding=\"async\" src=\"https:\/\/lemasdantonine.com\/wp-content\/uploads\/2025\/04\/IMG_20230727_114705-scaled-700x700.jpg\" height=\"700\" width=\"700\" alt=\"Chambre Odette\" class=\"slider-358 slide-364\" title=\"Chambre Odette\" \/><\/li>\n                <li style=\"display: none; width: 100%;\" class=\"slide-365 ms-image \" aria-roledescription=\"slide\" aria-label=\"slide-365\" data-date=\"2025-04-29 18:43:13\"><img loading=\"lazy\" decoding=\"async\" src=\"https:\/\/lemasdantonine.com\/wp-content\/uploads\/2025\/04\/IMG_20230727_121322-scaled-700x700.jpg\" height=\"700\" width=\"700\" alt=\"Chambre Odette\" class=\"slider-358 slide-365\" title=\"Chambre Odette\" \/><\/li>\n                <li style=\"display: none; width: 100%;\" class=\"slide-366 ms-image \" aria-roledescription=\"slide\" aria-label=\"slide-366\" data-date=\"2025-04-29 18:43:21\"><img loading=\"lazy\" decoding=\"async\" src=\"https:\/\/lemasdantonine.com\/wp-content\/uploads\/2025\/04\/IMG_20230727_121018-scaled-700x700.jpg\" height=\"700\" width=\"700\" alt=\"Chambre Odette\" class=\"slider-358 slide-366\" title=\"IMG_20230727_121018\" \/><div class=\"caption-wrap\"><div class=\"caption\">Chambre Odette<\/div><\/div><\/li>\n                <li style=\"display: none; width: 100%;\" class=\"slide-368 ms-image \" aria-roledescription=\"slide\" aria-label=\"slide-368\" data-date=\"2025-04-29 18:43:47\"><img loading=\"lazy\" decoding=\"async\" src=\"https:\/\/lemasdantonine.com\/wp-content\/uploads\/2025\/04\/IMG_20240624_142300-scaled-700x700.jpg\" height=\"700\" width=\"700\" alt=\"Chambre Odette\" class=\"slider-358 slide-368\" title=\"Chambre Odette\" \/><\/li>\n            <\/ul>\n        <\/div>\n        \n    <\/div>\n<\/div><\/div>\n\t\t\t\t\t\t<\/div>\n\t\t\t\t<\/div>\n\t\t\t\t<\/div>\n\t\t<div class=\"elementor-element elementor-element-3b930c7 e-con-full e-flex wpr-particle-no wpr-jarallax-no wpr-parallax-no wpr-sticky-section-no e-con e-child\" data-id=\"3b930c7\" data-element_type=\"container\">\n\t\t<div class=\"elementor-element elementor-element-2a5fb8f e-con-full e-flex wpr-particle-no wpr-jarallax-no wpr-parallax-no wpr-sticky-section-no e-con e-child\" data-id=\"2a5fb8f\" data-element_type=\"container\">\n\t\t\t\t<div class=\"elementor-element elementor-element-361dd17 elementor-widget elementor-widget-heading\" data-id=\"361dd17\" data-element_type=\"widget\" data-widget_type=\"heading.default\">\n\t\t\t\t<div class=\"elementor-widget-container\">\n\t\t\t\t\t<h2 class=\"elementor-heading-title elementor-size-default\">Odette<\/h2>\t\t\t\t<\/div>\n\t\t\t\t<\/div>\n\t\t\t\t<div class=\"elementor-element elementor-element-4953df6 elementor-widget elementor-widget-text-editor\" data-id=\"4953df6\" data-element_type=\"widget\" data-widget_type=\"text-editor.default\">\n\t\t\t\t<div class=\"elementor-widget-container\">\n\t\t\t\t\t\t\t\t\t<div dir=\"ltr\">Le g\u00eete Odette, au 1er \u00e9tage du Mas, peut accueillir jusqu&rsquo;\u00e0 5 personnes:<\/div><ul><li dir=\"ltr\">1 couchage en 160&#215;200,<\/li><li dir=\"ltr\">2 couchages en 90X200<\/li><li dir=\"ltr\">1 canap\u00e9 lit.<\/li><\/ul><div dir=\"ltr\">Il vous offre :<\/div><ul><li dir=\"ltr\">une cuisine \u00e9quip\u00e9e avec lave-vaisselle (cafeti\u00e8re, bouilloire, fours, plaques<br clear=\"none\" \/>induction, grille-pain&#8230;)<\/li><li dir=\"ltr\">une salle d&rsquo;eau avec une grande douche.<\/li><li>Tout le linge de maison est fourni.<\/li><li dir=\"ltr\" style=\"font-size: 14px;\">Lit b\u00e9b\u00e9 et chaise haute sur demande.<\/li><\/ul><div dir=\"ltr\">Vous disposerez \u00e9galement d&rsquo;une terrasse privative sous les tilleuls avec une plancha.<\/div><div dir=\"ltr\">\u00a0<\/div><div dir=\"ltr\">Une machine \u00e0 laver se trouve dans la salle commune.<\/div>\t\t\t\t\t\t\t\t<\/div>\n\t\t\t\t<\/div>\n\t\t\t\t<\/div>\n\t\t\t\t<\/div>\n\t\t\t\t\t<\/div>\n\t\t\t\t<\/div>\n\t\t<div class=\"elementor-element elementor-element-27f72fa e-flex e-con-boxed wpr-particle-no wpr-jarallax-no wpr-parallax-no wpr-sticky-section-no e-con e-parent\" data-id=\"27f72fa\" data-element_type=\"container\">\n\t\t\t\t\t<div class=\"e-con-inner\">\n\t\t\t\t<div class=\"elementor-element elementor-element-e326858 elementor-widget-divider--view-line elementor-widget elementor-widget-divider\" data-id=\"e326858\" data-element_type=\"widget\" data-widget_type=\"divider.default\">\n\t\t\t\t<div class=\"elementor-widget-container\">\n\t\t\t\t\t\t\t<div class=\"elementor-divider\">\n\t\t\t<span class=\"elementor-divider-separator\">\n\t\t\t\t\t\t<\/span>\n\t\t<\/div>\n\t\t\t\t\t\t<\/div>\n\t\t\t\t<\/div>\n\t\t\t\t\t<\/div>\n\t\t\t\t<\/div>\n\t\t<div class=\"elementor-element elementor-element-3cab741 e-flex e-con-boxed wpr-particle-no wpr-jarallax-no wpr-parallax-no wpr-sticky-section-no e-con e-parent\" data-id=\"3cab741\" data-element_type=\"container\">\n\t\t\t\t\t<div class=\"e-con-inner\">\n\t\t<div class=\"elementor-element elementor-element-5618777 e-con-full e-flex wpr-particle-no wpr-jarallax-no wpr-parallax-no wpr-sticky-section-no e-con e-child\" data-id=\"5618777\" data-element_type=\"container\">\n\t\t<div class=\"elementor-element elementor-element-b2c4c3a e-con-full e-flex wpr-particle-no wpr-jarallax-no wpr-parallax-no wpr-sticky-section-no e-con e-child\" data-id=\"b2c4c3a\" data-element_type=\"container\">\n\t\t\t\t<div class=\"elementor-element elementor-element-1675244 elementor-widget elementor-widget-heading\" data-id=\"1675244\" data-element_type=\"widget\" data-widget_type=\"heading.default\">\n\t\t\t\t<div class=\"elementor-widget-container\">\n\t\t\t\t\t<h2 class=\"elementor-heading-title elementor-size-default\">H\u00e9l\u00e8ne<\/h2>\t\t\t\t<\/div>\n\t\t\t\t<\/div>\n\t\t\t\t<div class=\"elementor-element elementor-element-f5f0468 elementor-widget elementor-widget-text-editor\" data-id=\"f5f0468\" data-element_type=\"widget\" data-widget_type=\"text-editor.default\">\n\t\t\t\t<div class=\"elementor-widget-container\">\n\t\t\t\t\t\t\t\t\t<div dir=\"ltr\">Le g\u00eete H\u00e9l\u00e8ne, au 1er \u00e9tage du Mas, peut accueillir jusqu&rsquo;\u00e0 4 personnes:<\/div><ul><li dir=\"ltr\">1 couchage en 160&#215;200, 2 couchages en 90X200.<\/li><\/ul><div dir=\"ltr\">Il vous offre une cuisine \u00e9quip\u00e9e avec lave-vaisselle (cafeti\u00e8re, bouilloire, fours, plaques<br clear=\"none\" \/>induction, grille-pain&#8230;), une salle d&rsquo;eau avec une grande douche.<\/div><div dir=\"ltr\">\u00a0<\/div><ul><li dir=\"ltr\">Tout le linge de maison est fourni.<\/li><li dir=\"ltr\">Lit b\u00e9b\u00e9 et chaise haute sur demande.<\/li><\/ul><div dir=\"ltr\">\u00a0<\/div><div dir=\"ltr\">Vous disposerez \u00e9galement d&rsquo;une terrasse privative sous les tilleuls avec une plancha.<\/div><div dir=\"ltr\">Une machine \u00e0 laver se trouve dans la salle commune<\/div>\t\t\t\t\t\t\t\t<\/div>\n\t\t\t\t<\/div>\n\t\t\t\t<\/div>\n\t\t\t\t<\/div>\n\t\t<div class=\"elementor-element elementor-element-d4ca6eb e-con-full e-flex wpr-particle-no wpr-jarallax-no wpr-parallax-no wpr-sticky-section-no e-con e-child\" data-id=\"d4ca6eb\" data-element_type=\"container\">\n\t\t\t\t<div class=\"elementor-element elementor-element-02e54d8 elementor-widget elementor-widget-shortcode\" data-id=\"02e54d8\" data-element_type=\"widget\" data-widget_type=\"shortcode.default\">\n\t\t\t\t<div class=\"elementor-widget-container\">\n\t\t\t\t\t\t\t<div class=\"elementor-shortcode\"><div id=\"metaslider-id-370\" style=\"width: 100%;\" class=\"ml-slider-3-97-0 metaslider metaslider-flex metaslider-370 ml-slider has-onhover-arrows ms-theme-default-base nav-hidden nav-hidden\" role=\"region\" aria-roledescription=\"Slideshow\" aria-label=\"Chambre H\u00e9l\u00e8ne\" data-width=\"700\">\n    <div id=\"metaslider_container_370\">\n        <div id=\"metaslider_370\">\n            <ul class='slides'>\n                <li style=\"display: block; width: 100%;\" class=\"slide-378 ms-image \" aria-roledescription=\"slide\" aria-label=\"slide-378\" data-date=\"2025-04-29 18:48:49\"><img loading=\"lazy\" decoding=\"async\" src=\"https:\/\/lemasdantonine.com\/wp-content\/uploads\/2025\/04\/Simple-Grid-Photo-Collage-Instagram-Post_20250226_144601_0000-700x700.png\" height=\"700\" width=\"700\" alt=\"Chambre helene\" class=\"slider-370 slide-378\" title=\"Chambre helene\" \/><\/li>\n                <li style=\"display: none; width: 100%;\" class=\"slide-379 ms-image \" aria-roledescription=\"slide\" aria-label=\"slide-379\" data-date=\"2025-04-29 18:49:15\"><img loading=\"lazy\" decoding=\"async\" src=\"https:\/\/lemasdantonine.com\/wp-content\/uploads\/2025\/04\/IMG20240404162353-scaled-700x700.jpg\" height=\"700\" width=\"700\" alt=\"Chambre helene\" class=\"slider-370 slide-379\" title=\"Chambre helene\" \/><\/li>\n                <li style=\"display: none; width: 100%;\" class=\"slide-380 ms-image \" aria-roledescription=\"slide\" aria-label=\"slide-380\" data-date=\"2025-04-29 18:49:26\"><img loading=\"lazy\" decoding=\"async\" src=\"https:\/\/lemasdantonine.com\/wp-content\/uploads\/2025\/04\/IMG20240404162426-scaled-700x700.jpg\" height=\"700\" width=\"700\" alt=\"Chambre helene\" class=\"slider-370 slide-380\" title=\"Chambre helene\" \/><\/li>\n                <li style=\"display: none; width: 100%;\" class=\"slide-381 ms-image \" aria-roledescription=\"slide\" aria-label=\"slide-381\" data-date=\"2025-04-29 18:49:36\"><img loading=\"lazy\" decoding=\"async\" src=\"https:\/\/lemasdantonine.com\/wp-content\/uploads\/2025\/04\/IMG20240404162503-scaled-700x700.jpg\" height=\"700\" width=\"700\" alt=\"Chambre helene\" class=\"slider-370 slide-381\" title=\"Chambre helene\" \/><\/li>\n                <li style=\"display: none; width: 100%;\" class=\"slide-382 ms-image \" aria-roledescription=\"slide\" aria-label=\"slide-382\" data-date=\"2025-04-29 18:49:46\"><img loading=\"lazy\" decoding=\"async\" src=\"https:\/\/lemasdantonine.com\/wp-content\/uploads\/2025\/04\/IMG20240404163536-scaled-700x700.jpg\" height=\"700\" width=\"700\" alt=\"Chambre helene\" class=\"slider-370 slide-382\" title=\"Chambre helene\" \/><\/li>\n                <li style=\"display: none; width: 100%;\" class=\"slide-383 ms-image \" aria-roledescription=\"slide\" aria-label=\"slide-383\" data-date=\"2025-04-29 18:50:25\"><img loading=\"lazy\" decoding=\"async\" src=\"https:\/\/lemasdantonine.com\/wp-content\/uploads\/2025\/04\/IMG_20230730_095139-scaled-700x700.jpg\" height=\"700\" width=\"700\" alt=\"Chambre helene\" class=\"slider-370 slide-383\" title=\"Chambre helene\" \/><\/li>\n                <li style=\"display: none; width: 100%;\" class=\"slide-384 ms-image \" aria-roledescription=\"slide\" aria-label=\"slide-384\" data-date=\"2025-04-29 18:50:42\"><img loading=\"lazy\" decoding=\"async\" src=\"https:\/\/lemasdantonine.com\/wp-content\/uploads\/2025\/04\/IMG_20230730_095113-scaled-700x700.jpg\" height=\"700\" width=\"700\" alt=\"Chambre helene\" class=\"slider-370 slide-384\" title=\"Chambre helene\" \/><\/li>\n            <\/ul>\n        <\/div>\n        \n    <\/div>\n<\/div><\/div>\n\t\t\t\t\t\t<\/div>\n\t\t\t\t<\/div>\n\t\t\t\t<\/div>\n\t\t\t\t\t<\/div>\n\t\t\t\t<\/div>\n\t\t<div class=\"elementor-element elementor-element-febe94a e-flex e-con-boxed wpr-particle-no wpr-jarallax-no wpr-parallax-no wpr-sticky-section-no e-con e-parent\" data-id=\"febe94a\" data-element_type=\"container\">\n\t\t\t\t\t<div class=\"e-con-inner\">\n\t\t<div class=\"elementor-element elementor-element-8a93a5e e-con-full e-flex wpr-particle-no wpr-jarallax-no wpr-parallax-no wpr-sticky-section-no e-con e-child\" data-id=\"8a93a5e\" data-element_type=\"container\">\n\t\t\t\t<div class=\"elementor-element elementor-element-161ea5a elementor-widget elementor-widget-shortcode\" data-id=\"161ea5a\" data-element_type=\"widget\" data-widget_type=\"shortcode.default\">\n\t\t\t\t<div class=\"elementor-widget-container\">\n\t\t\t\t\t\t\t<div class=\"elementor-shortcode\"><div id=\"metaslider-id-408\" style=\"width: 100%;\" class=\"ml-slider-3-97-0 metaslider metaslider-flex metaslider-408 ml-slider has-onhover-arrows ms-theme-default-base nav-hidden nav-hidden nav-hidden\" role=\"region\" aria-roledescription=\"Slideshow\" aria-label=\"Chambre Marie Louise\" data-width=\"700\">\n    <div id=\"metaslider_container_408\">\n        <div id=\"metaslider_408\">\n            <ul class='slides'>\n                <li style=\"display: block; width: 100%;\" class=\"slide-409 ms-image \" aria-roledescription=\"slide\" aria-label=\"slide-409\" data-date=\"2025-06-25 14:07:58\"><img loading=\"lazy\" decoding=\"async\" src=\"https:\/\/lemasdantonine.com\/wp-content\/uploads\/2025\/06\/WhatsApp-Image-2025-06-22-a-08.58.42_5ea8e9ab-700x700.jpg\" height=\"700\" width=\"700\" alt=\"\" class=\"slider-408 slide-409\" title=\"WhatsApp Image 2025-06-22 \u00e0 08.58.42_5ea8e9ab\" \/><\/li>\n                <li style=\"display: none; width: 100%;\" class=\"slide-410 ms-image \" aria-roledescription=\"slide\" aria-label=\"slide-410\" data-date=\"2025-06-25 14:07:58\"><img loading=\"lazy\" decoding=\"async\" src=\"https:\/\/lemasdantonine.com\/wp-content\/uploads\/2025\/06\/WhatsApp-Image-2025-06-22-a-08.58.43_d5ff2bd4-700x700.jpg\" height=\"700\" width=\"700\" alt=\"\" class=\"slider-408 slide-410\" title=\"WhatsApp Image 2025-06-22 \u00e0 08.58.43_d5ff2bd4\" \/><\/li>\n                <li style=\"display: none; width: 100%;\" class=\"slide-411 ms-image \" aria-roledescription=\"slide\" aria-label=\"slide-411\" data-date=\"2025-06-25 14:07:58\"><img loading=\"lazy\" decoding=\"async\" src=\"https:\/\/lemasdantonine.com\/wp-content\/uploads\/2025\/06\/WhatsApp-Image-2025-06-22-a-08.58.43_46dceeab-700x700.jpg\" height=\"700\" width=\"700\" alt=\"\" class=\"slider-408 slide-411\" title=\"WhatsApp Image 2025-06-22 \u00e0 08.58.43_46dceeab\" \/><\/li>\n                <li style=\"display: none; width: 100%;\" class=\"slide-412 ms-image \" aria-roledescription=\"slide\" aria-label=\"slide-412\" data-date=\"2025-06-25 14:07:58\"><img loading=\"lazy\" decoding=\"async\" src=\"https:\/\/lemasdantonine.com\/wp-content\/uploads\/2025\/06\/WhatsApp-Image-2025-06-22-a-08.58.42_c33a317f-700x700.jpg\" height=\"700\" width=\"700\" alt=\"\" class=\"slider-408 slide-412\" title=\"WhatsApp Image 2025-06-22 \u00e0 08.58.42_c33a317f\" \/><\/li>\n                <li style=\"display: none; width: 100%;\" class=\"slide-413 ms-image \" aria-roledescription=\"slide\" aria-label=\"slide-413\" data-date=\"2025-06-25 14:07:58\"><img loading=\"lazy\" decoding=\"async\" src=\"https:\/\/lemasdantonine.com\/wp-content\/uploads\/2025\/06\/WhatsApp-Image-2025-06-22-a-08.58.43_7c50d88f-700x700.jpg\" height=\"700\" width=\"700\" alt=\"\" class=\"slider-408 slide-413\" title=\"WhatsApp Image 2025-06-22 \u00e0 08.58.43_7c50d88f\" \/><\/li>\n                <li style=\"display: none; width: 100%;\" class=\"slide-414 ms-image \" aria-roledescription=\"slide\" aria-label=\"slide-414\" data-date=\"2025-06-25 14:07:58\"><img loading=\"lazy\" decoding=\"async\" src=\"https:\/\/lemasdantonine.com\/wp-content\/uploads\/2025\/06\/WhatsApp-Image-2025-06-22-a-08.58.42_797935f1-700x700.jpg\" height=\"700\" width=\"700\" alt=\"\" class=\"slider-408 slide-414\" title=\"WhatsApp Image 2025-06-22 \u00e0 08.58.42_797935f1\" \/><\/li>\n            <\/ul>\n        <\/div>\n        \n    <\/div>\n<\/div><\/div>\n\t\t\t\t\t\t<\/div>\n\t\t\t\t<\/div>\n\t\t\t\t<\/div>\n\t\t<div class=\"elementor-element elementor-element-39ab33b e-con-full e-flex wpr-particle-no wpr-jarallax-no wpr-parallax-no wpr-sticky-section-no e-con e-child\" data-id=\"39ab33b\" data-element_type=\"container\">\n\t\t\t\t<div class=\"elementor-element elementor-element-b4e38ef elementor-widget elementor-widget-heading\" data-id=\"b4e38ef\" data-element_type=\"widget\" data-widget_type=\"heading.default\">\n\t\t\t\t<div class=\"elementor-widget-container\">\n\t\t\t\t\t<h2 class=\"elementor-heading-title elementor-size-default\">Marie-Louise<\/h2>\t\t\t\t<\/div>\n\t\t\t\t<\/div>\n\t\t\t\t<div class=\"elementor-element elementor-element-7689a7d elementor-widget elementor-widget-text-editor\" data-id=\"7689a7d\" data-element_type=\"widget\" data-widget_type=\"text-editor.default\">\n\t\t\t\t<div class=\"elementor-widget-container\">\n\t\t\t\t\t\t\t\t\t<div dir=\"ltr\">La chambre d&rsquo;h\u00f4tes Marie-Louise est con\u00e7ue pour accueillir 2 personnes:<\/div><p>1 couchage en 160&#215;200.<\/p><div dir=\"ltr\">Le petit-d\u00e9jeuner est inclus, il est servi sur la terrasse privative en \u00e9t\u00e9 et dans un petit salon, privatif \u00e9galement, en hiver.<\/div><div dir=\"ltr\">\u00a0<\/div><div dir=\"ltr\">Lors de votre r\u00e9servation, n&rsquo;h\u00e9sitez pas \u00e0 indiquer vos pr\u00e9f\u00e9rences ou allergies alimentaires, les confitures sont toutes faites maison !<\/div>\t\t\t\t\t\t\t\t<\/div>\n\t\t\t\t<\/div>\n\t\t\t\t<\/div>\n\t\t\t\t\t<\/div>\n\t\t\t\t<\/div>\n\t\t<div class=\"elementor-element elementor-element-983a5be e-flex e-con-boxed wpr-particle-no wpr-jarallax-no wpr-parallax-no wpr-sticky-section-no e-con e-parent\" data-id=\"983a5be\" data-element_type=\"container\">\n\t\t\t\t\t<div class=\"e-con-inner\">\n\t\t\t\t<div class=\"elementor-element elementor-element-2196db7 elementor-widget-divider--view-line elementor-widget elementor-widget-divider\" data-id=\"2196db7\" data-element_type=\"widget\" data-widget_type=\"divider.default\">\n\t\t\t\t<div class=\"elementor-widget-container\">\n\t\t\t\t\t\t\t<div class=\"elementor-divider\">\n\t\t\t<span class=\"elementor-divider-separator\">\n\t\t\t\t\t\t<\/span>\n\t\t<\/div>\n\t\t\t\t\t\t<\/div>\n\t\t\t\t<\/div>\n\t\t\t\t\t<\/div>\n\t\t\t\t<\/div>\n\t\t<div class=\"elementor-element elementor-element-d4f1cc2 e-flex e-con-boxed wpr-particle-no wpr-jarallax-no wpr-parallax-no wpr-sticky-section-no e-con e-parent\" data-id=\"d4f1cc2\" data-element_type=\"container\">\n\t\t\t\t\t<div class=\"e-con-inner\">\n\t\t<div class=\"elementor-element elementor-element-c807e20 e-con-full e-flex wpr-particle-no wpr-jarallax-no wpr-parallax-no wpr-sticky-section-no e-con e-child\" data-id=\"c807e20\" data-element_type=\"container\">\n\t\t\t\t<div class=\"elementor-element elementor-element-51c55ed elementor-widget elementor-widget-heading\" data-id=\"51c55ed\" data-element_type=\"widget\" data-widget_type=\"heading.default\">\n\t\t\t\t<div class=\"elementor-widget-container\">\n\t\t\t\t\t<h2 class=\"elementor-heading-title elementor-size-default\">Contactez Nous ! <\/h2>\t\t\t\t<\/div>\n\t\t\t\t<\/div>\n\t\t\t\t<div class=\"elementor-element elementor-element-ba9170b elementor-widget elementor-widget-text-editor\" data-id=\"ba9170b\" data-element_type=\"widget\" data-widget_type=\"text-editor.default\">\n\t\t\t\t<div class=\"elementor-widget-container\">\n\t\t\t\t\t\t\t\t\t<p>MATHIEU C\u00e9cile<\/p><p>06 84 54 03 63<\/p><p>adresse mail<\/p>\t\t\t\t\t\t\t\t<\/div>\n\t\t\t\t<\/div>\n\t\t\t\t<div class=\"elementor-element elementor-element-c15664a elementor-align-center elementor-widget elementor-widget-button\" data-id=\"c15664a\" data-element_type=\"widget\" data-widget_type=\"button.default\">\n\t\t\t\t<div class=\"elementor-widget-container\">\n\t\t\t\t\t\t\t\t\t<div class=\"elementor-button-wrapper\">\n\t\t\t\t\t<a class=\"elementor-button elementor-button-link elementor-size-sm\" href=\"https:\/\/lemasdantonine.com\/index.php\/contact\/\">\n\t\t\t\t\t\t<span class=\"elementor-button-content-wrapper\">\n\t\t\t\t\t\t\t\t\t<span class=\"elementor-button-text\">Contact<\/span>\n\t\t\t\t\t<\/span>\n\t\t\t\t\t<\/a>\n\t\t\t\t<\/div>\n\t\t\t\t\t\t\t\t<\/div>\n\t\t\t\t<\/div>\n\t\t\t\t<\/div>\n\t\t<div class=\"elementor-element elementor-element-a08d697 e-con-full e-flex wpr-particle-no wpr-jarallax-no wpr-parallax-no wpr-sticky-section-no e-con e-child\" data-id=\"a08d697\" data-element_type=\"container\">\n\t\t\t\t<div class=\"elementor-element elementor-element-5d121f2 elementor-widget elementor-widget-google_maps\" data-id=\"5d121f2\" data-element_type=\"widget\" data-widget_type=\"google_maps.default\">\n\t\t\t\t<div class=\"elementor-widget-container\">\n\t\t\t\t\t\t\t<div class=\"elementor-custom-embed\">\n\t\t\t<iframe loading=\"lazy\"\n\t\t\t\t\tsrc=\"https:\/\/maps.google.com\/maps?q=le%20mas%20d%27antonine%2C%20fontin%20%2026110%2C%20Les%20Pilles&#038;t=m&#038;z=10&#038;output=embed&#038;iwloc=near\"\n\t\t\t\t\ttitle=\"le mas d&#039;antonine, fontin  26110, Les Pilles\"\n\t\t\t\t\taria-label=\"le mas d&#039;antonine, fontin  26110, Les Pilles\"\n\t\t\t><\/iframe>\n\t\t<\/div>\n\t\t\t\t\t\t<\/div>\n\t\t\t\t<\/div>\n\t\t\t\t<\/div>\n\t\t\t\t\t<\/div>\n\t\t\t\t<\/div>\n\t\t\t\t<\/div>\n\t\t","protected":false},"excerpt":{"rendered":"<p>Odette Le g\u00eete Odette, au 1er \u00e9tage du Mas, peut accueillir jusqu&rsquo;\u00e0 5 personnes: 1 couchage en 160&#215;200, 2 couchages en 90X200 1 canap\u00e9 lit. Il vous offre : une cuisine \u00e9quip\u00e9e avec lave-vaisselle (cafeti\u00e8re, bouilloire, fours, plaquesinduction, grille-pain&#8230;) une salle d&rsquo;eau avec une grande douche. Tout le linge de maison est fourni. Lit b\u00e9b\u00e9 et chaise haute sur demande. Vous disposerez \u00e9galement d&rsquo;une terrasse privative sous les tilleuls avec une plancha.\u00a0Une machine \u00e0 laver se trouve dans la salle commune. H\u00e9l\u00e8ne Le g\u00eete H\u00e9l\u00e8ne, au 1er \u00e9tage du Mas, peut accueillir jusqu&rsquo;\u00e0 4 personnes: 1 couchage en 160&#215;200, 2 couchages en 90X200. Il vous offre une cuisine \u00e9quip\u00e9e avec lave-vaisselle (cafeti\u00e8re, bouilloire, fours, plaquesinduction, grille-pain&#8230;), une salle d&rsquo;eau avec une grande douche.\u00a0 Tout le linge de maison est fourni. Lit b\u00e9b\u00e9 et chaise haute sur demande. \u00a0Vous disposerez \u00e9galement d&rsquo;une terrasse privative sous les tilleuls avec une plancha.Une machine \u00e0 laver se trouve dans la salle commune Marie-Louise La chambre d&rsquo;h\u00f4tes Marie-Louise est con\u00e7ue pour accueillir 2 personnes: 1 couchage en 160&#215;200. Le petit-d\u00e9jeuner est inclus, il est servi sur la terrasse privative en \u00e9t\u00e9 et dans un petit salon, privatif \u00e9galement, en hiver.\u00a0Lors de votre r\u00e9servation, n&rsquo;h\u00e9sitez pas \u00e0 indiquer vos pr\u00e9f\u00e9rences ou allergies alimentaires, les confitures sont toutes faites maison ! Contactez Nous ! MATHIEU C\u00e9cile 06 84 54 03 63 adresse mail Contact<\/p>\n","protected":false},"author":1,"featured_media":0,"parent":0,"menu_order":0,"comment_status":"closed","ping_status":"closed","template":"elementor_header_footer","meta":{"footnotes":""},"class_list":["post-129","page","type-page","status-publish","hentry","entry"],"_links":{"self":[{"href":"https:\/\/lemasdantonine.com\/index.php\/wp-json\/wp\/v2\/pages\/129","targetHints":{"allow":["GET"]}}],"collection":[{"href":"https:\/\/lemasdantonine.com\/index.php\/wp-json\/wp\/v2\/pages"}],"about":[{"href":"https:\/\/lemasdantonine.com\/index.php\/wp-json\/wp\/v2\/types\/page"}],"author":[{"embeddable":true,"href":"https:\/\/lemasdantonine.com\/index.php\/wp-json\/wp\/v2\/users\/1"}],"replies":[{"embeddable":true,"href":"https:\/\/lemasdantonine.com\/index.php\/wp-json\/wp\/v2\/comments?post=129"}],"version-history":[{"count":7,"href":"https:\/\/lemasdantonine.com\/index.php\/wp-json\/wp\/v2\/pages\/129\/revisions"}],"predecessor-version":[{"id":425,"href":"https:\/\/lemasdantonine.com\/index.php\/wp-json\/wp\/v2\/pages\/129\/revisions\/425"}],"wp:attachment":[{"href":"https:\/\/lemasdantonine.com\/index.php\/wp-json\/wp\/v2\/media?parent=129"}],"curies":[{"name":"wp","href":"https:\/\/api.w.org\/{rel}","templated":true}]}}