{"id":196,"date":"2025-04-27T23:41:16","date_gmt":"2025-04-27T21:41:16","guid":{"rendered":"http:\/\/jyudcbu.cluster100.hosting.ovh.net\/index.php\/le-mas\/"},"modified":"2025-06-25T14:16:30","modified_gmt":"2025-06-25T12:16:30","slug":"le-mas","status":"publish","type":"page","link":"https:\/\/lemasdantonine.com\/index.php\/le-mas\/","title":{"rendered":"Le Mas"},"content":{"rendered":"\t\t<div data-elementor-type=\"page\" data-elementor-id=\"196\" class=\"elementor elementor-196\">\n\t\t\t\t\t\t<section class=\"elementor-section elementor-top-section elementor-element elementor-element-5e67846f elementor-section-height-min-height elementor-section-boxed elementor-section-height-default elementor-section-items-middle wpr-particle-no wpr-jarallax-no wpr-parallax-no wpr-sticky-section-no\" data-id=\"5e67846f\" data-element_type=\"section\" data-settings=\"{&quot;background_background&quot;:&quot;classic&quot;}\">\n\t\t\t\t\t\t\t<div class=\"elementor-background-overlay\"><\/div>\n\t\t\t\t\t\t\t<div class=\"elementor-container elementor-column-gap-default\">\n\t\t\t\t\t<div class=\"elementor-column elementor-col-100 elementor-top-column elementor-element elementor-element-2434af46\" data-id=\"2434af46\" data-element_type=\"column\">\n\t\t\t<div class=\"elementor-widget-wrap elementor-element-populated\">\n\t\t\t\t\t\t<section class=\"elementor-section elementor-inner-section elementor-element elementor-element-255eec5c elementor-section-boxed elementor-section-height-default elementor-section-height-default wpr-particle-no wpr-jarallax-no wpr-parallax-no wpr-sticky-section-no\" data-id=\"255eec5c\" data-element_type=\"section\">\n\t\t\t\t\t\t<div class=\"elementor-container elementor-column-gap-default\">\n\t\t\t\t\t<div class=\"elementor-column elementor-col-100 elementor-inner-column elementor-element elementor-element-6869fe1b\" data-id=\"6869fe1b\" data-element_type=\"column\">\n\t\t\t<div class=\"elementor-widget-wrap elementor-element-populated\">\n\t\t\t\t\t\t<div class=\"elementor-element elementor-element-547d1b25 elementor-widget__width-initial elementor-widget-tablet__width-inherit elementor-invisible elementor-widget elementor-widget-heading\" data-id=\"547d1b25\" data-element_type=\"widget\" data-settings=\"{&quot;_animation&quot;:&quot;fadeInUp&quot;,&quot;_animation_delay&quot;:1000}\" data-widget_type=\"heading.default\">\n\t\t\t\t<div class=\"elementor-widget-container\">\n\t\t\t\t\t<h1 class=\"elementor-heading-title elementor-size-default\">D\u00e9couvrez le Mas d'Antonine<\/h1>\t\t\t\t<\/div>\n\t\t\t\t<\/div>\n\t\t\t\t<div class=\"elementor-element elementor-element-4eba69f9 elementor-widget__width-initial elementor-widget-tablet__width-inherit elementor-invisible elementor-widget elementor-widget-text-editor\" data-id=\"4eba69f9\" data-element_type=\"widget\" data-settings=\"{&quot;_animation&quot;:&quot;fadeInUp&quot;,&quot;_animation_delay&quot;:1500}\" data-widget_type=\"text-editor.default\">\n\t\t\t\t<div class=\"elementor-widget-container\">\n\t\t\t\t\t\t\t\t\t<p>Plongez au c\u0153ur de notre Mas authentique et laissez-vous s\u00e9duire par nos activit\u00e9s uniques, entre d\u00e9tente, nature et art de vivre proven\u00e7al<\/p>\t\t\t\t\t\t\t\t<\/div>\n\t\t\t\t<\/div>\n\t\t\t\t<div class=\"elementor-element elementor-element-7725195 elementor-align-center animated-slow elementor-invisible elementor-widget elementor-widget-button\" data-id=\"7725195\" data-element_type=\"widget\" data-settings=\"{&quot;_animation&quot;:&quot;fadeIn&quot;,&quot;_animation_delay&quot;:1700}\" data-widget_type=\"button.default\">\n\t\t\t\t<div class=\"elementor-widget-container\">\n\t\t\t\t\t\t\t\t\t<div class=\"elementor-button-wrapper\">\n\t\t\t\t\t<a class=\"elementor-button elementor-button-link elementor-size-sm\" href=\"https:\/\/lemasdantonine.com\/index.php\/contact\/\">\n\t\t\t\t\t\t<span class=\"elementor-button-content-wrapper\">\n\t\t\t\t\t\t\t\t\t<span class=\"elementor-button-text\">Contactez Nous !<\/span>\n\t\t\t\t\t<\/span>\n\t\t\t\t\t<\/a>\n\t\t\t\t<\/div>\n\t\t\t\t\t\t\t\t<\/div>\n\t\t\t\t<\/div>\n\t\t\t\t\t<\/div>\n\t\t<\/div>\n\t\t\t\t\t<\/div>\n\t\t<\/section>\n\t\t\t\t\t<\/div>\n\t\t<\/div>\n\t\t\t\t\t<\/div>\n\t\t<\/section>\n\t\t<div class=\"elementor-element elementor-element-063bf56 e-flex e-con-boxed wpr-particle-no wpr-jarallax-no wpr-parallax-no wpr-sticky-section-no e-con e-parent\" data-id=\"063bf56\" data-element_type=\"container\">\n\t\t\t\t\t<div class=\"e-con-inner\">\n\t\t<div class=\"elementor-element elementor-element-f0d50b8 e-con-full e-flex wpr-particle-no wpr-jarallax-no wpr-parallax-no wpr-sticky-section-no e-con e-child\" data-id=\"f0d50b8\" data-element_type=\"container\">\n\t\t\t\t<div class=\"elementor-element elementor-element-fa60571 elementor-widget elementor-widget-image\" data-id=\"fa60571\" data-element_type=\"widget\" data-widget_type=\"image.default\">\n\t\t\t\t<div class=\"elementor-widget-container\">\n\t\t\t\t\t\t\t\t\t\t\t\t\t\t\t<img fetchpriority=\"high\" decoding=\"async\" width=\"892\" height=\"1024\" src=\"https:\/\/lemasdantonine.com\/wp-content\/uploads\/2025\/04\/IMG_20240624_142300-892x1024.jpg\" class=\"attachment-large size-large wp-image-351\" alt=\"Chambre Odette\" srcset=\"https:\/\/lemasdantonine.com\/wp-content\/uploads\/2025\/04\/IMG_20240624_142300-892x1024.jpg 892w, https:\/\/lemasdantonine.com\/wp-content\/uploads\/2025\/04\/IMG_20240624_142300-261x300.jpg 261w, https:\/\/lemasdantonine.com\/wp-content\/uploads\/2025\/04\/IMG_20240624_142300-768x882.jpg 768w, https:\/\/lemasdantonine.com\/wp-content\/uploads\/2025\/04\/IMG_20240624_142300-1338x1536.jpg 1338w, https:\/\/lemasdantonine.com\/wp-content\/uploads\/2025\/04\/IMG_20240624_142300-1784x2048.jpg 1784w\" sizes=\"(max-width: 892px) 100vw, 892px\" \/>\t\t\t\t\t\t\t\t\t\t\t\t\t\t\t<\/div>\n\t\t\t\t<\/div>\n\t\t\t\t<div class=\"elementor-element elementor-element-68d16c6 elementor-widget elementor-widget-heading\" data-id=\"68d16c6\" data-element_type=\"widget\" data-widget_type=\"heading.default\">\n\t\t\t\t<div class=\"elementor-widget-container\">\n\t\t\t\t\t<h2 class=\"elementor-heading-title elementor-size-default\">Le Jardin<\/h2>\t\t\t\t<\/div>\n\t\t\t\t<\/div>\n\t\t\t\t<div class=\"elementor-element elementor-element-ac95a9f elementor-widget elementor-widget-text-editor\" data-id=\"ac95a9f\" data-element_type=\"widget\" data-widget_type=\"text-editor.default\">\n\t\t\t\t<div class=\"elementor-widget-container\">\n\t\t\t\t\t\t\t\t\t<p>Notre jardin est un v\u00e9ritable havre de paix, baign\u00e9 de lumi\u00e8re et de douceur.<\/p><p>Entre massifs fleuris, all\u00e9es accueillantes et coins reposants, il offre un cadre parfait pour se ressourcer et profiter pleinement de chaque instant.<\/p>\t\t\t\t\t\t\t\t<\/div>\n\t\t\t\t<\/div>\n\t\t\t\t<\/div>\n\t\t<div class=\"elementor-element elementor-element-17c22fc e-con-full e-flex wpr-particle-no wpr-jarallax-no wpr-parallax-no wpr-sticky-section-no e-con e-child\" data-id=\"17c22fc\" data-element_type=\"container\">\n\t\t\t\t<div class=\"elementor-element elementor-element-68aaed8 elementor-widget elementor-widget-image\" data-id=\"68aaed8\" data-element_type=\"widget\" data-widget_type=\"image.default\">\n\t\t\t\t<div class=\"elementor-widget-container\">\n\t\t\t\t\t\t\t\t\t\t\t\t\t\t\t<img decoding=\"async\" width=\"1024\" height=\"1024\" src=\"https:\/\/lemasdantonine.com\/wp-content\/uploads\/2025\/04\/IMG-20250218-WA0009-1024x1024.jpg\" class=\"attachment-large size-large wp-image-287\" alt=\"\" srcset=\"https:\/\/lemasdantonine.com\/wp-content\/uploads\/2025\/04\/IMG-20250218-WA0009-1024x1024.jpg 1024w, https:\/\/lemasdantonine.com\/wp-content\/uploads\/2025\/04\/IMG-20250218-WA0009-300x300.jpg 300w, https:\/\/lemasdantonine.com\/wp-content\/uploads\/2025\/04\/IMG-20250218-WA0009-150x150.jpg 150w, https:\/\/lemasdantonine.com\/wp-content\/uploads\/2025\/04\/IMG-20250218-WA0009-768x768.jpg 768w, https:\/\/lemasdantonine.com\/wp-content\/uploads\/2025\/04\/IMG-20250218-WA0009-600x600.jpg 600w, https:\/\/lemasdantonine.com\/wp-content\/uploads\/2025\/04\/IMG-20250218-WA0009.jpg 1530w\" sizes=\"(max-width: 1024px) 100vw, 1024px\" \/>\t\t\t\t\t\t\t\t\t\t\t\t\t\t\t<\/div>\n\t\t\t\t<\/div>\n\t\t\t\t<div class=\"elementor-element elementor-element-6047341 elementor-widget elementor-widget-heading\" data-id=\"6047341\" data-element_type=\"widget\" data-widget_type=\"heading.default\">\n\t\t\t\t<div class=\"elementor-widget-container\">\n\t\t\t\t\t<h2 class=\"elementor-heading-title elementor-size-default\">La Piscine<\/h2>\t\t\t\t<\/div>\n\t\t\t\t<\/div>\n\t\t\t\t<div class=\"elementor-element elementor-element-2e2ab77 elementor-widget elementor-widget-text-editor\" data-id=\"2e2ab77\" data-element_type=\"widget\" data-widget_type=\"text-editor.default\">\n\t\t\t\t<div class=\"elementor-widget-container\">\n\t\t\t\t\t\t\t\t\t<p>Notre piscine vous invite \u00e0 la d\u00e9tente, avec sa vue imprenable sur les paysages environnants.<\/p><p>Que ce soit pour quelques brasses rafra\u00eechissantes ou un moment de farniente au soleil, chaque instant y est une parenth\u00e8se de bonheur.<\/p>\t\t\t\t\t\t\t\t<\/div>\n\t\t\t\t<\/div>\n\t\t\t\t<\/div>\n\t\t<div class=\"elementor-element elementor-element-d24efc6 e-con-full e-flex wpr-particle-no wpr-jarallax-no wpr-parallax-no wpr-sticky-section-no e-con e-child\" data-id=\"d24efc6\" data-element_type=\"container\">\n\t\t\t\t<div class=\"elementor-element elementor-element-ccb003e elementor-widget elementor-widget-image\" data-id=\"ccb003e\" data-element_type=\"widget\" data-widget_type=\"image.default\">\n\t\t\t\t<div class=\"elementor-widget-container\">\n\t\t\t\t\t\t\t\t\t\t\t\t\t\t\t<img decoding=\"async\" width=\"1024\" height=\"1024\" src=\"https:\/\/lemasdantonine.com\/wp-content\/uploads\/2025\/04\/salle-de-sport-1024x1024.jpg\" class=\"attachment-large size-large wp-image-341\" alt=\"salle de sport le mas d&#039;antonine\" srcset=\"https:\/\/lemasdantonine.com\/wp-content\/uploads\/2025\/04\/salle-de-sport-1024x1024.jpg 1024w, https:\/\/lemasdantonine.com\/wp-content\/uploads\/2025\/04\/salle-de-sport-300x300.jpg 300w, https:\/\/lemasdantonine.com\/wp-content\/uploads\/2025\/04\/salle-de-sport-150x150.jpg 150w, https:\/\/lemasdantonine.com\/wp-content\/uploads\/2025\/04\/salle-de-sport-768x768.jpg 768w, https:\/\/lemasdantonine.com\/wp-content\/uploads\/2025\/04\/salle-de-sport-600x600.jpg 600w, https:\/\/lemasdantonine.com\/wp-content\/uploads\/2025\/04\/salle-de-sport.jpg 1504w\" sizes=\"(max-width: 1024px) 100vw, 1024px\" \/>\t\t\t\t\t\t\t\t\t\t\t\t\t\t\t<\/div>\n\t\t\t\t<\/div>\n\t\t\t\t<div class=\"elementor-element elementor-element-fbc7b33 elementor-widget elementor-widget-heading\" data-id=\"fbc7b33\" data-element_type=\"widget\" data-widget_type=\"heading.default\">\n\t\t\t\t<div class=\"elementor-widget-container\">\n\t\t\t\t\t<h2 class=\"elementor-heading-title elementor-size-default\">La salle de Sport<\/h2>\t\t\t\t<\/div>\n\t\t\t\t<\/div>\n\t\t\t\t<div class=\"elementor-element elementor-element-8690f8d elementor-widget elementor-widget-text-editor\" data-id=\"8690f8d\" data-element_type=\"widget\" data-widget_type=\"text-editor.default\">\n\t\t\t\t<div class=\"elementor-widget-container\">\n\t\t\t\t\t\t\t\t\t<p>Notre salle de sport est \u00e0 votre disposition pour des s\u00e9ances de remise en forme en toute tranquillit\u00e9.<\/p><p>Que vous soyez sportif confirm\u00e9 ou amateur de bien-\u00eatre, vous y trouverez l\u2019espace id\u00e9al pour prendre soin de vous \u00e0 votre rythme.<\/p>\t\t\t\t\t\t\t\t<\/div>\n\t\t\t\t<\/div>\n\t\t\t\t<\/div>\n\t\t<div class=\"elementor-element elementor-element-0d9ff99 e-con-full e-flex wpr-particle-no wpr-jarallax-no wpr-parallax-no wpr-sticky-section-no e-con e-child\" data-id=\"0d9ff99\" data-element_type=\"container\">\n\t\t\t\t<div class=\"elementor-element elementor-element-7a98c72 elementor-widget elementor-widget-image\" data-id=\"7a98c72\" data-element_type=\"widget\" data-widget_type=\"image.default\">\n\t\t\t\t<div class=\"elementor-widget-container\">\n\t\t\t\t\t\t\t\t\t\t\t\t\t\t\t<img loading=\"lazy\" decoding=\"async\" width=\"770\" height=\"1024\" src=\"https:\/\/lemasdantonine.com\/wp-content\/uploads\/2025\/04\/IMG-20250226-WA0010-770x1024.jpg\" class=\"attachment-large size-large wp-image-288\" alt=\"\" srcset=\"https:\/\/lemasdantonine.com\/wp-content\/uploads\/2025\/04\/IMG-20250226-WA0010-770x1024.jpg 770w, https:\/\/lemasdantonine.com\/wp-content\/uploads\/2025\/04\/IMG-20250226-WA0010-226x300.jpg 226w, https:\/\/lemasdantonine.com\/wp-content\/uploads\/2025\/04\/IMG-20250226-WA0010-768x1021.jpg 768w, https:\/\/lemasdantonine.com\/wp-content\/uploads\/2025\/04\/IMG-20250226-WA0010-1155x1536.jpg 1155w, https:\/\/lemasdantonine.com\/wp-content\/uploads\/2025\/04\/IMG-20250226-WA0010.jpg 1203w\" sizes=\"(max-width: 770px) 100vw, 770px\" \/>\t\t\t\t\t\t\t\t\t\t\t\t\t\t\t<\/div>\n\t\t\t\t<\/div>\n\t\t\t\t<div class=\"elementor-element elementor-element-5b5b326 elementor-widget elementor-widget-heading\" data-id=\"5b5b326\" data-element_type=\"widget\" data-widget_type=\"heading.default\">\n\t\t\t\t<div class=\"elementor-widget-container\">\n\t\t\t\t\t<h2 class=\"elementor-heading-title elementor-size-default\">Le terrain de P\u00e9tanque<\/h2>\t\t\t\t<\/div>\n\t\t\t\t<\/div>\n\t\t\t\t<div class=\"elementor-element elementor-element-34904ec elementor-widget elementor-widget-text-editor\" data-id=\"34904ec\" data-element_type=\"widget\" data-widget_type=\"text-editor.default\">\n\t\t\t\t<div class=\"elementor-widget-container\">\n\t\t\t\t\t\t\t\t\t<p>Sous le ciel bleu et dans une ambiance conviviale, notre terrain de p\u00e9tanque vous attend pour des parties endiabl\u00e9es entre amis ou en famille.<\/p><p>Un moment simple et authentique, parfait pour savourer l&rsquo;esprit du Sud.<\/p>\t\t\t\t\t\t\t\t<\/div>\n\t\t\t\t<\/div>\n\t\t\t\t<\/div>\n\t\t<div class=\"elementor-element elementor-element-8cdf203 e-con-full e-flex wpr-particle-no wpr-jarallax-no wpr-parallax-no wpr-sticky-section-no e-con e-child\" data-id=\"8cdf203\" data-element_type=\"container\">\n\t\t\t\t<div class=\"elementor-element elementor-element-58bc2b3 elementor-widget elementor-widget-image\" data-id=\"58bc2b3\" data-element_type=\"widget\" data-widget_type=\"image.default\">\n\t\t\t\t<div class=\"elementor-widget-container\">\n\t\t\t\t\t\t\t\t\t\t\t\t\t\t\t<img loading=\"lazy\" decoding=\"async\" width=\"1024\" height=\"1024\" src=\"https:\/\/lemasdantonine.com\/wp-content\/uploads\/2025\/04\/table-de-ping-pong-1024x1024.jpg\" class=\"attachment-large size-large wp-image-340\" alt=\"table de ping pong\" srcset=\"https:\/\/lemasdantonine.com\/wp-content\/uploads\/2025\/04\/table-de-ping-pong-1024x1024.jpg 1024w, https:\/\/lemasdantonine.com\/wp-content\/uploads\/2025\/04\/table-de-ping-pong-300x300.jpg 300w, https:\/\/lemasdantonine.com\/wp-content\/uploads\/2025\/04\/table-de-ping-pong-150x150.jpg 150w, https:\/\/lemasdantonine.com\/wp-content\/uploads\/2025\/04\/table-de-ping-pong-768x768.jpg 768w, https:\/\/lemasdantonine.com\/wp-content\/uploads\/2025\/04\/table-de-ping-pong-600x600.jpg 600w, https:\/\/lemasdantonine.com\/wp-content\/uploads\/2025\/04\/table-de-ping-pong.jpg 1504w\" sizes=\"(max-width: 1024px) 100vw, 1024px\" \/>\t\t\t\t\t\t\t\t\t\t\t\t\t\t\t<\/div>\n\t\t\t\t<\/div>\n\t\t\t\t<div class=\"elementor-element elementor-element-dc9c201 elementor-widget elementor-widget-heading\" data-id=\"dc9c201\" data-element_type=\"widget\" data-widget_type=\"heading.default\">\n\t\t\t\t<div class=\"elementor-widget-container\">\n\t\t\t\t\t<h2 class=\"elementor-heading-title elementor-size-default\">La table de Ping Pong<\/h2>\t\t\t\t<\/div>\n\t\t\t\t<\/div>\n\t\t\t\t<div class=\"elementor-element elementor-element-581099b elementor-widget elementor-widget-text-editor\" data-id=\"581099b\" data-element_type=\"widget\" data-widget_type=\"text-editor.default\">\n\t\t\t\t<div class=\"elementor-widget-container\">\n\t\t\t\t\t\t\t\t\t<p>Pour un moment de convivialit\u00e9 en famille ou entre amis, notre table de ping-pong vous attend, pr\u00eate \u00e0 accueillir vos plus beaux \u00e9changes de balles et vos \u00e9clats de rire.<\/p>\t\t\t\t\t\t\t\t<\/div>\n\t\t\t\t<\/div>\n\t\t\t\t<\/div>\n\t\t\t\t\t<\/div>\n\t\t\t\t<\/div>\n\t\t\t\t<\/div>\n\t\t","protected":false},"excerpt":{"rendered":"<p>D\u00e9couvrez le Mas d&rsquo;Antonine Plongez au c\u0153ur de notre Mas authentique et laissez-vous s\u00e9duire par nos activit\u00e9s uniques, entre d\u00e9tente, nature et art de vivre proven\u00e7al Contactez Nous ! Le Jardin Notre jardin est un v\u00e9ritable havre de paix, baign\u00e9 de lumi\u00e8re et de douceur. Entre massifs fleuris, all\u00e9es accueillantes et coins reposants, il offre un cadre parfait pour se ressourcer et profiter pleinement de chaque instant. La Piscine Notre piscine vous invite \u00e0 la d\u00e9tente, avec sa vue imprenable sur les paysages environnants. Que ce soit pour quelques brasses rafra\u00eechissantes ou un moment de farniente au soleil, chaque instant y est une parenth\u00e8se de bonheur. La salle de Sport Notre salle de sport est \u00e0 votre disposition pour des s\u00e9ances de remise en forme en toute tranquillit\u00e9. Que vous soyez sportif confirm\u00e9 ou amateur de bien-\u00eatre, vous y trouverez l\u2019espace id\u00e9al pour prendre soin de vous \u00e0 votre rythme. Le terrain de P\u00e9tanque Sous le ciel bleu et dans une ambiance conviviale, notre terrain de p\u00e9tanque vous attend pour des parties endiabl\u00e9es entre amis ou en famille. Un moment simple et authentique, parfait pour savourer l&rsquo;esprit du Sud. La table de Ping Pong Pour un moment de convivialit\u00e9 en famille ou entre amis, notre table de ping-pong vous attend, pr\u00eate \u00e0 accueillir vos plus beaux \u00e9changes de balles et vos \u00e9clats de rire.<\/p>\n","protected":false},"author":1,"featured_media":0,"parent":0,"menu_order":0,"comment_status":"closed","ping_status":"closed","template":"elementor_header_footer","meta":{"footnotes":""},"class_list":["post-196","page","type-page","status-publish","hentry","entry"],"_links":{"self":[{"href":"https:\/\/lemasdantonine.com\/index.php\/wp-json\/wp\/v2\/pages\/196","targetHints":{"allow":["GET"]}}],"collection":[{"href":"https:\/\/lemasdantonine.com\/index.php\/wp-json\/wp\/v2\/pages"}],"about":[{"href":"https:\/\/lemasdantonine.com\/index.php\/wp-json\/wp\/v2\/types\/page"}],"author":[{"embeddable":true,"href":"https:\/\/lemasdantonine.com\/index.php\/wp-json\/wp\/v2\/users\/1"}],"replies":[{"embeddable":true,"href":"https:\/\/lemasdantonine.com\/index.php\/wp-json\/wp\/v2\/comments?post=196"}],"version-history":[{"count":10,"href":"https:\/\/lemasdantonine.com\/index.php\/wp-json\/wp\/v2\/pages\/196\/revisions"}],"predecessor-version":[{"id":424,"href":"https:\/\/lemasdantonine.com\/index.php\/wp-json\/wp\/v2\/pages\/196\/revisions\/424"}],"wp:attachment":[{"href":"https:\/\/lemasdantonine.com\/index.php\/wp-json\/wp\/v2\/media?parent=196"}],"curies":[{"name":"wp","href":"https:\/\/api.w.org\/{rel}","templated":true}]}}