{"id":268,"date":"2025-04-28T12:03:51","date_gmt":"2025-04-28T10:03:51","guid":{"rendered":"http:\/\/jyudcbu.cluster100.hosting.ovh.net\/?page_id=268"},"modified":"2025-04-29T17:51:45","modified_gmt":"2025-04-29T15:51:45","slug":"mentions-legales","status":"publish","type":"page","link":"https:\/\/lemasdantonine.com\/index.php\/mentions-legales\/","title":{"rendered":"Mentions l\u00e9gales"},"content":{"rendered":"\t\t<div data-elementor-type=\"wp-page\" data-elementor-id=\"268\" class=\"elementor elementor-268\">\n\t\t\t\t<div class=\"elementor-element elementor-element-2a06c52 e-flex e-con-boxed wpr-particle-no wpr-jarallax-no wpr-parallax-no wpr-sticky-section-no e-con e-parent\" data-id=\"2a06c52\" data-element_type=\"container\">\n\t\t\t\t\t<div class=\"e-con-inner\">\n\t\t\t\t<div class=\"elementor-element elementor-element-b482c65 elementor-widget elementor-widget-text-editor\" data-id=\"b482c65\" data-element_type=\"widget\" data-widget_type=\"text-editor.default\">\n\t\t\t\t<div class=\"elementor-widget-container\">\n\t\t\t\t\t\t\t\t\t<h2 data-start=\"281\" data-end=\"302\">1. \u00c9diteur du site<\/h2>\n<p data-start=\"304\" data-end=\"739\"><strong data-start=\"304\" data-end=\"327\">Nom de l&rsquo;entreprise<\/strong> : [Nom de l&rsquo;entreprise ou du particulier]<br data-start=\"369\" data-end=\"372\"><strong data-start=\"372\" data-end=\"391\">Forme juridique<\/strong> : Auto-entrepreneur<br data-start=\"432\" data-end=\"435\"><strong data-start=\"470\" data-end=\"486\">Si\u00e8ge social<\/strong> : Fontin, 26110 LES PILLES<br data-start=\"507\" data-end=\"510\"><strong data-start=\"510\" data-end=\"523\">T\u00e9l\u00e9phone<\/strong> : 06 84 54 03 63<br data-start=\"547\" data-end=\"550\"><strong data-start=\"550\" data-end=\"568\">Adresse e-mail<\/strong> : [Adresse e-mail de contact]<br data-start=\"598\" data-end=\"601\"><strong data-start=\"601\" data-end=\"629\">Num\u00e9ro d\u2019immatriculation<\/strong> : 982741753<br><\/p>\n<p data-start=\"741\" data-end=\"866\"><strong data-start=\"741\" data-end=\"772\">Directeur de la publication<\/strong> : C\u00e9cile Mathieu<br data-start=\"795\" data-end=\"798\"><strong data-start=\"798\" data-end=\"829\">Responsable de la r\u00e9daction<\/strong> : C\u00e9cile Mathieu<\/p>\n<h2 data-start=\"868\" data-end=\"891\">2. H\u00e9bergeur du site<\/h2>\n<p data-start=\"893\" data-end=\"1101\"><strong data-start=\"893\" data-end=\"915\">Nom de l\u2019h\u00e9bergeur<\/strong> : OVH<br data-start=\"958\" data-end=\"961\"><strong data-start=\"961\" data-end=\"972\">Adresse<\/strong> :&nbsp;OVHCLOUD 2 RUE KELLERMANN, 59100 ROUBAIX France<br data-start=\"1044\" data-end=\"1047\"><strong data-start=\"1047\" data-end=\"1064\">Site internet<\/strong> :&nbsp;<a href=\"https:\/\/www.ovhcloud.com\/fr\/\">https:\/\/www.ovhcloud.com\/fr\/<\/a><\/p>\n<h2 data-start=\"1103\" data-end=\"1133\">3. Propri\u00e9t\u00e9 intellectuelle<\/h2>\n<p data-start=\"1135\" data-end=\"1338\">L&rsquo;ensemble des \u00e9l\u00e9ments pr\u00e9sents sur le site Le Mas D&rsquo;antonine (textes, images, graphismes, logo, ic\u00f4nes, sons, logiciels, etc.) sont la propri\u00e9t\u00e9 exclusive de [Nom de l&rsquo;entreprise] sauf mentions contraires.<\/p>\n<p data-start=\"1340\" data-end=\"1576\">Toute reproduction, repr\u00e9sentation, modification, publication, adaptation de tout ou partie des \u00e9l\u00e9ments du site, quel que soit le moyen ou le proc\u00e9d\u00e9 utilis\u00e9, est interdite sans l&rsquo;autorisation \u00e9crite pr\u00e9alable de [Nom de l&rsquo;entreprise].<\/p>\n<h2 data-start=\"1578\" data-end=\"1619\">4. Protection des donn\u00e9es personnelles<\/h2>\n<p><strong data-start=\"1621\" data-end=\"1645\">Collecte des donn\u00e9es<\/strong> :<br data-start=\"1647\" data-end=\"1650\">Les informations recueillies sur les formulaires du site sont enregistr\u00e9es dans un fichier informatis\u00e9 par [Nom de l&rsquo;entreprise] pour :<\/p>\n<ul>\n<li>gestion des demandes<\/li>\n<li>contact<\/li>\n<\/ul>\n<p data-start=\"1848\" data-end=\"2109\"><strong data-start=\"1848\" data-end=\"1867\">Conformit\u00e9 RGPD<\/strong> :<br data-start=\"1869\" data-end=\"1872\">Conform\u00e9ment au R\u00e8glement G\u00e9n\u00e9ral sur la Protection des Donn\u00e9es (RGPD), vous pouvez exercer votre droit d&rsquo;acc\u00e8s, de rectification, d&rsquo;opposition, de suppression des donn\u00e9es vous concernant en contactant : [Adresse e-mail de contact RGPD].<\/p>\n<p data-start=\"2111\" data-end=\"2378\"><strong data-start=\"2111\" data-end=\"2122\">Cookies<\/strong> :<br data-start=\"2124\" data-end=\"2127\">Le site [Nom du site] utilise des cookies pour [finalit\u00e9 des cookies : am\u00e9liorer l\u2019exp\u00e9rience utilisateur, mesurer l\u2019audience, etc.]. Vous pouvez configurer vos pr\u00e9f\u00e9rences en mati\u00e8re de cookies [lien vers la page ou le module de gestion des cookies].<\/p>\n<h2 data-start=\"2380\" data-end=\"2400\">5. Responsabilit\u00e9<\/h2>\n<p data-start=\"2402\" data-end=\"2554\">[Nom de l&rsquo;entreprise] d\u00e9cline toute responsabilit\u00e9 en cas d&rsquo;erreurs, d&rsquo;inexactitudes ou d&rsquo;omissions portant sur les informations diffus\u00e9es sur son site.<\/p>\n<p data-start=\"2556\" data-end=\"2754\">La responsabilit\u00e9 de [Nom de l&rsquo;entreprise] ne saurait \u00eatre engag\u00e9e pour des dommages r\u00e9sultant de l\u2019utilisation du r\u00e9seau Internet (rupture de service, intrusion ext\u00e9rieure, virus informatiques&#8230;).<\/p>\n<h2 data-start=\"2756\" data-end=\"2778\">6. Droit applicable<\/h2>\n<p data-start=\"2780\" data-end=\"2944\">Le site internet [Nom du site] est r\u00e9gi par le droit fran\u00e7ais.<br data-start=\"2842\" data-end=\"2845\">Tout litige relatif \u00e0 son utilisation sera soumis \u00e0 la comp\u00e9tence exclusive des tribunaux fran\u00e7ais.<\/p>\t\t\t\t\t\t\t\t<\/div>\n\t\t\t\t<\/div>\n\t\t\t\t\t<\/div>\n\t\t\t\t<\/div>\n\t\t\t\t<\/div>\n\t\t","protected":false},"excerpt":{"rendered":"<p>1. \u00c9diteur du site Nom de l&rsquo;entreprise : [Nom de l&rsquo;entreprise ou du particulier]Forme juridique : Auto-entrepreneurSi\u00e8ge social : Fontin, 26110 LES PILLEST\u00e9l\u00e9phone : 06 84 54 03 63Adresse e-mail : [Adresse e-mail de contact]Num\u00e9ro d\u2019immatriculation : 982741753 Directeur de la publication : C\u00e9cile MathieuResponsable de la r\u00e9daction : C\u00e9cile Mathieu 2. H\u00e9bergeur du site Nom de l\u2019h\u00e9bergeur : OVHAdresse :&nbsp;OVHCLOUD 2 RUE KELLERMANN, 59100 ROUBAIX FranceSite internet :&nbsp;https:\/\/www.ovhcloud.com\/fr\/ 3. Propri\u00e9t\u00e9 intellectuelle L&rsquo;ensemble des \u00e9l\u00e9ments pr\u00e9sents sur le site Le Mas D&rsquo;antonine (textes, images, graphismes, logo, ic\u00f4nes, sons, logiciels, etc.) sont la propri\u00e9t\u00e9 exclusive de [Nom de l&rsquo;entreprise] sauf mentions contraires. Toute reproduction, repr\u00e9sentation, modification, publication, adaptation de tout ou partie des \u00e9l\u00e9ments du site, quel que soit le moyen ou le proc\u00e9d\u00e9 utilis\u00e9, est interdite sans l&rsquo;autorisation \u00e9crite pr\u00e9alable de [Nom de l&rsquo;entreprise]. 4. Protection des donn\u00e9es personnelles Collecte des donn\u00e9es :Les informations recueillies sur les formulaires du site sont enregistr\u00e9es dans un fichier informatis\u00e9 par [Nom de l&rsquo;entreprise] pour : gestion des demandes contact Conformit\u00e9 RGPD :Conform\u00e9ment au R\u00e8glement G\u00e9n\u00e9ral sur la Protection des Donn\u00e9es (RGPD), vous pouvez exercer votre droit d&rsquo;acc\u00e8s, de rectification, d&rsquo;opposition, de suppression des donn\u00e9es vous concernant en contactant : [Adresse e-mail de contact RGPD]. Cookies :Le site [Nom du site] utilise des cookies pour [finalit\u00e9 des cookies : am\u00e9liorer l\u2019exp\u00e9rience utilisateur, mesurer l\u2019audience, etc.]. Vous pouvez configurer vos pr\u00e9f\u00e9rences en mati\u00e8re de cookies [lien vers la page ou le module de gestion des cookies]. 5. Responsabilit\u00e9 [Nom de l&rsquo;entreprise] d\u00e9cline toute responsabilit\u00e9 en cas d&rsquo;erreurs, d&rsquo;inexactitudes ou d&rsquo;omissions portant sur les informations diffus\u00e9es sur son site. La responsabilit\u00e9 de [Nom de l&rsquo;entreprise] ne saurait \u00eatre engag\u00e9e pour des dommages r\u00e9sultant de l\u2019utilisation du r\u00e9seau Internet (rupture de service, intrusion ext\u00e9rieure, virus informatiques&#8230;). 6. Droit applicable Le site internet [Nom du site] est r\u00e9gi par le droit fran\u00e7ais.Tout litige relatif \u00e0 son utilisation sera soumis \u00e0 la comp\u00e9tence exclusive des tribunaux fran\u00e7ais.<\/p>\n","protected":false},"author":1,"featured_media":0,"parent":0,"menu_order":0,"comment_status":"closed","ping_status":"closed","template":"","meta":{"footnotes":""},"class_list":["post-268","page","type-page","status-publish","hentry","entry"],"_links":{"self":[{"href":"https:\/\/lemasdantonine.com\/index.php\/wp-json\/wp\/v2\/pages\/268","targetHints":{"allow":["GET"]}}],"collection":[{"href":"https:\/\/lemasdantonine.com\/index.php\/wp-json\/wp\/v2\/pages"}],"about":[{"href":"https:\/\/lemasdantonine.com\/index.php\/wp-json\/wp\/v2\/types\/page"}],"author":[{"embeddable":true,"href":"https:\/\/lemasdantonine.com\/index.php\/wp-json\/wp\/v2\/users\/1"}],"replies":[{"embeddable":true,"href":"https:\/\/lemasdantonine.com\/index.php\/wp-json\/wp\/v2\/comments?post=268"}],"version-history":[{"count":13,"href":"https:\/\/lemasdantonine.com\/index.php\/wp-json\/wp\/v2\/pages\/268\/revisions"}],"predecessor-version":[{"id":338,"href":"https:\/\/lemasdantonine.com\/index.php\/wp-json\/wp\/v2\/pages\/268\/revisions\/338"}],"wp:attachment":[{"href":"https:\/\/lemasdantonine.com\/index.php\/wp-json\/wp\/v2\/media?parent=268"}],"curies":[{"name":"wp","href":"https:\/\/api.w.org\/{rel}","templated":true}]}}