{"id":308,"date":"2025-04-28T13:18:21","date_gmt":"2025-04-28T11:18:21","guid":{"rendered":"http:\/\/jyudcbu.cluster100.hosting.ovh.net\/?page_id=308"},"modified":"2025-04-28T13:35:02","modified_gmt":"2025-04-28T11:35:02","slug":"politique-de-cookie","status":"publish","type":"page","link":"https:\/\/lemasdantonine.com\/index.php\/politique-de-cookie\/","title":{"rendered":"Politique de cookie"},"content":{"rendered":"\t\t<div data-elementor-type=\"wp-page\" data-elementor-id=\"308\" class=\"elementor elementor-308\">\n\t\t\t\t<div class=\"elementor-element elementor-element-35bf8db e-flex e-con-boxed wpr-particle-no wpr-jarallax-no wpr-parallax-no wpr-sticky-section-no e-con e-parent\" data-id=\"35bf8db\" data-element_type=\"container\">\n\t\t\t\t\t<div class=\"e-con-inner\">\n\t\t\t\t<div class=\"elementor-element elementor-element-a6b26fb elementor-widget elementor-widget-text-editor\" data-id=\"a6b26fb\" data-element_type=\"widget\" data-widget_type=\"text-editor.default\">\n\t\t\t\t<div class=\"elementor-widget-container\">\n\t\t\t\t\t\t\t\t\t<h1 class=\"\" data-start=\"141\" data-end=\"162\">Gestion des cookies<\/h1><h2 class=\"\" data-start=\"164\" data-end=\"194\">1. Qu&rsquo;est-ce qu&rsquo;un cookie ?<\/h2><p class=\"\" data-start=\"196\" data-end=\"488\">Un cookie est un petit fichier texte enregistr\u00e9 sur votre ordinateur, tablette ou smartphone lorsque vous visitez un site internet.<br data-start=\"327\" data-end=\"330\" \/>Ils sont largement utilis\u00e9s pour faire fonctionner les sites web, am\u00e9liorer leur efficacit\u00e9 ainsi que pour fournir des informations aux propri\u00e9taires du site.<\/p><h2 class=\"\" data-start=\"490\" data-end=\"533\">2. Pourquoi utilisons-nous des cookies ?<\/h2><p class=\"\" data-start=\"535\" data-end=\"568\">Nous utilisons des cookies pour :<\/p><ul data-start=\"569\" data-end=\"766\"><li class=\"\" data-start=\"569\" data-end=\"609\"><p class=\"\" data-start=\"571\" data-end=\"609\">Assurer le bon fonctionnement du site.<\/p><\/li><li class=\"\" data-start=\"610\" data-end=\"651\"><p class=\"\" data-start=\"612\" data-end=\"651\">Am\u00e9liorer votre exp\u00e9rience utilisateur.<\/p><\/li><li class=\"\" data-start=\"652\" data-end=\"705\"><p class=\"\" data-start=\"654\" data-end=\"705\">Analyser la fr\u00e9quentation et l\u2019utilisation du site.<\/p><\/li><li class=\"\" data-start=\"706\" data-end=\"766\"><p class=\"\" data-start=\"708\" data-end=\"766\">Personnaliser les contenus en fonction de vos pr\u00e9f\u00e9rences.<\/p><\/li><\/ul><h2 class=\"\" data-start=\"768\" data-end=\"813\">3. Quels types de cookies utilisons-nous ?<\/h2><div class=\"group pointer-events-none relative flex justify-center *:pointer-events-auto\"><p>\u00a0<\/p><div class=\"tableContainer horzScrollShadows relative\"><table class=\"min-w-full\" data-start=\"815\" data-end=\"1449\"><thead data-start=\"815\" data-end=\"858\"><tr data-start=\"815\" data-end=\"858\"><th data-start=\"815\" data-end=\"833\">Type de cookies<\/th><th data-start=\"833\" data-end=\"847\">Description<\/th><th data-start=\"847\" data-end=\"858\">Exemple<\/th><\/tr><\/thead><tbody data-start=\"904\" data-end=\"1449\"><tr data-start=\"904\" data-end=\"1046\"><td class=\"max-w-[calc(var(--thread-content-max-width)*2\/3)]\" data-start=\"904\" data-end=\"938\">Cookies strictement n\u00e9cessaires<\/td><td class=\"max-w-[calc(var(--thread-content-max-width)*2\/3)] min-w-[calc(var(--thread-content-max-width)\/3)]\" data-start=\"938\" data-end=\"1008\">Permettent le fonctionnement du site et ne peuvent \u00eatre d\u00e9sactiv\u00e9s.<\/td><td class=\"max-w-[calc(var(--thread-content-max-width)*2\/3)]\" data-start=\"1008\" data-end=\"1046\">Gestion de la session utilisateur.<\/td><\/tr><tr data-start=\"1047\" data-end=\"1189\"><td class=\"max-w-[calc(var(--thread-content-max-width)*2\/3)]\" data-start=\"1047\" data-end=\"1072\">Cookies de performance<\/td><td class=\"max-w-[calc(var(--thread-content-max-width)*2\/3)] min-w-[calc(var(--thread-content-max-width)\/2)]\" data-start=\"1072\" data-end=\"1168\">Recueillent des informations anonymes sur la mani\u00e8re dont les visiteurs utilisent notre site.<\/td><td class=\"max-w-[calc(var(--thread-content-max-width)*2\/3)]\" data-start=\"1168\" data-end=\"1189\">Google Analytics.<\/td><\/tr><tr data-start=\"1190\" data-end=\"1323\"><td class=\"max-w-[calc(var(--thread-content-max-width)*2\/3)]\" data-start=\"1190\" data-end=\"1218\">Cookies de fonctionnalit\u00e9<\/td><td class=\"max-w-[calc(var(--thread-content-max-width)*2\/3)] min-w-[calc(var(--thread-content-max-width)\/3)]\" data-start=\"1218\" data-end=\"1277\">Permettent de m\u00e9moriser vos choix (langue, pr\u00e9f\u00e9rences).<\/td><td class=\"max-w-[calc(var(--thread-content-max-width)*2\/3)] min-w-[calc(var(--thread-content-max-width)\/3)]\" data-start=\"1277\" data-end=\"1323\">Enregistrement de pr\u00e9f\u00e9rences d&rsquo;affichage.<\/td><\/tr><tr data-start=\"1324\" data-end=\"1449\"><td class=\"max-w-[calc(var(--thread-content-max-width)*2\/3)]\" data-start=\"1324\" data-end=\"1355\">Cookies de ciblage\/publicit\u00e9<\/td><td class=\"max-w-[calc(var(--thread-content-max-width)*2\/3)] min-w-[calc(var(--thread-content-max-width)\/3)]\" data-start=\"1355\" data-end=\"1418\">Utilis\u00e9s pour proposer des publicit\u00e9s pertinentes pour vous.<\/td><td class=\"max-w-[calc(var(--thread-content-max-width)*2\/3)]\" data-start=\"1418\" data-end=\"1449\">Facebook Pixel, Google Ads.<\/td><\/tr><\/tbody><\/table><\/div><\/div><h2 class=\"\" data-start=\"1451\" data-end=\"1497\">4. Consentement \u00e0 l&rsquo;utilisation des cookies<\/h2><p class=\"\" data-start=\"1499\" data-end=\"1666\">Lors de votre premi\u00e8re visite sur notre site, un bandeau vous informe de l\u2019utilisation des cookies et vous propose d\u2019accepter ou de refuser tout ou partie des cookies.<\/p><p class=\"\" data-start=\"1668\" data-end=\"1813\">Vous pouvez <strong data-start=\"1680\" data-end=\"1708\">modifier vos pr\u00e9f\u00e9rences<\/strong> \u00e0 tout moment en cliquant sur le lien suivant :<br data-start=\"1756\" data-end=\"1759\" \/><br \/><\/p><h2 class=\"\" data-start=\"1815\" data-end=\"1868\">5. Comment configurer vos pr\u00e9f\u00e9rences de cookies ?<\/h2><p class=\"\" data-start=\"1870\" data-end=\"2006\">Vous pouvez configurer votre navigateur pour refuser l&rsquo;enregistrement des cookies ou pour \u00eatre averti avant l\u2019installation d\u2019un cookie :<\/p><ul data-start=\"2008\" data-end=\"2420\"><li class=\"\" data-start=\"2008\" data-end=\"2100\"><p class=\"\" data-start=\"2010\" data-end=\"2100\"><strong data-start=\"2010\" data-end=\"2020\">Chrome<\/strong> : <a target=\"_new\" rel=\"noopener\" data-start=\"2023\" data-end=\"2100\">Support Google Chrome<\/a><\/p><\/li><li class=\"\" data-start=\"2101\" data-end=\"2204\"><p class=\"\" data-start=\"2103\" data-end=\"2204\"><strong data-start=\"2103\" data-end=\"2114\">Firefox<\/strong> : <a class=\"\" href=\"https:\/\/support.mozilla.org\/fr\/kb\/activer-desactiver-cookies\" target=\"_new\" rel=\"noopener\" data-start=\"2117\" data-end=\"2204\">Support Mozilla Firefox<\/a><\/p><\/li><li class=\"\" data-start=\"2205\" data-end=\"2302\"><p class=\"\" data-start=\"2207\" data-end=\"2302\"><strong data-start=\"2207\" data-end=\"2217\">Safari<\/strong> : <a class=\"\" href=\"https:\/\/support.apple.com\/fr-fr\/guide\/safari\/sfri11471\/mac\" target=\"_new\" rel=\"noopener\" data-start=\"2220\" data-end=\"2302\">Support Apple Safari<\/a><\/p><\/li><li class=\"\" data-start=\"2303\" data-end=\"2420\"><p class=\"\" data-start=\"2305\" data-end=\"2420\"><strong data-start=\"2305\" data-end=\"2313\">Edge<\/strong> : <a class=\"\" href=\"https:\/\/support.microsoft.com\/fr-fr\/help\/4027947\/microsoft-edge-delete-cookies\" target=\"_new\" rel=\"noopener\" data-start=\"2316\" data-end=\"2420\">Support Microsoft Edge<\/a><\/p><\/li><\/ul><h2 class=\"\" data-start=\"2422\" data-end=\"2461\">6. Dur\u00e9e de conservation des cookies<\/h2><p class=\"\" data-start=\"2463\" data-end=\"2647\">Les cookies sont conserv\u00e9s pour une dur\u00e9e maximale de <strong data-start=\"2517\" data-end=\"2528\">13 mois<\/strong> \u00e0 compter de leur d\u00e9p\u00f4t sur votre appareil.<br data-start=\"2572\" data-end=\"2575\" \/>\u00c0 l&rsquo;issue de cette p\u00e9riode, votre consentement sera \u00e0 nouveau sollicit\u00e9.<\/p><h2 class=\"\" data-start=\"2649\" data-end=\"2662\">7. Contact<\/h2><p class=\"\" data-start=\"2664\" data-end=\"2798\">Pour toute question concernant notre politique de gestion des cookies, vous pouvez nous contacter \u00e0 :<br data-start=\"2765\" data-end=\"2768\" \/>\ud83d\udce7 cecilegpc.mathieu@yahoo.fr<\/p>\t\t\t\t\t\t\t\t<\/div>\n\t\t\t\t<\/div>\n\t\t\t\t\t<\/div>\n\t\t\t\t<\/div>\n\t\t\t\t<\/div>\n\t\t","protected":false},"excerpt":{"rendered":"<p>Gestion des cookies 1. Qu&rsquo;est-ce qu&rsquo;un cookie ? Un cookie est un petit fichier texte enregistr\u00e9 sur votre ordinateur, tablette ou smartphone lorsque vous visitez un site internet.Ils sont largement utilis\u00e9s pour faire fonctionner les sites web, am\u00e9liorer leur efficacit\u00e9 ainsi que pour fournir des informations aux propri\u00e9taires du site. 2. Pourquoi utilisons-nous des cookies ? Nous utilisons des cookies pour : Assurer le bon fonctionnement du site. Am\u00e9liorer votre exp\u00e9rience utilisateur. Analyser la fr\u00e9quentation et l\u2019utilisation du site. Personnaliser les contenus en fonction de vos pr\u00e9f\u00e9rences. 3. Quels types de cookies utilisons-nous ? \u00a0 Type de cookies Description Exemple Cookies strictement n\u00e9cessaires Permettent le fonctionnement du site et ne peuvent \u00eatre d\u00e9sactiv\u00e9s. Gestion de la session utilisateur. Cookies de performance Recueillent des informations anonymes sur la mani\u00e8re dont les visiteurs utilisent notre site. Google Analytics. Cookies de fonctionnalit\u00e9 Permettent de m\u00e9moriser vos choix (langue, pr\u00e9f\u00e9rences). Enregistrement de pr\u00e9f\u00e9rences d&rsquo;affichage. Cookies de ciblage\/publicit\u00e9 Utilis\u00e9s pour proposer des publicit\u00e9s pertinentes pour vous. Facebook Pixel, Google Ads. 4. Consentement \u00e0 l&rsquo;utilisation des cookies Lors de votre premi\u00e8re visite sur notre site, un bandeau vous informe de l\u2019utilisation des cookies et vous propose d\u2019accepter ou de refuser tout ou partie des cookies. Vous pouvez modifier vos pr\u00e9f\u00e9rences \u00e0 tout moment en cliquant sur le lien suivant : 5. Comment configurer vos pr\u00e9f\u00e9rences de cookies ? Vous pouvez configurer votre navigateur pour refuser l&rsquo;enregistrement des cookies ou pour \u00eatre averti avant l\u2019installation d\u2019un cookie : Chrome : Support Google Chrome Firefox : Support Mozilla Firefox Safari : Support Apple Safari Edge : Support Microsoft Edge 6. Dur\u00e9e de conservation des cookies Les cookies sont conserv\u00e9s pour une dur\u00e9e maximale de 13 mois \u00e0 compter de leur d\u00e9p\u00f4t sur votre appareil.\u00c0 l&rsquo;issue de cette p\u00e9riode, votre consentement sera \u00e0 nouveau sollicit\u00e9. 7. Contact Pour toute question concernant notre politique de gestion des cookies, vous pouvez nous contacter \u00e0 :\ud83d\udce7 cecilegpc.mathieu@yahoo.fr<\/p>\n","protected":false},"author":1,"featured_media":0,"parent":0,"menu_order":0,"comment_status":"closed","ping_status":"closed","template":"","meta":{"footnotes":""},"class_list":["post-308","page","type-page","status-publish","hentry","entry"],"_links":{"self":[{"href":"https:\/\/lemasdantonine.com\/index.php\/wp-json\/wp\/v2\/pages\/308","targetHints":{"allow":["GET"]}}],"collection":[{"href":"https:\/\/lemasdantonine.com\/index.php\/wp-json\/wp\/v2\/pages"}],"about":[{"href":"https:\/\/lemasdantonine.com\/index.php\/wp-json\/wp\/v2\/types\/page"}],"author":[{"embeddable":true,"href":"https:\/\/lemasdantonine.com\/index.php\/wp-json\/wp\/v2\/users\/1"}],"replies":[{"embeddable":true,"href":"https:\/\/lemasdantonine.com\/index.php\/wp-json\/wp\/v2\/comments?post=308"}],"version-history":[{"count":5,"href":"https:\/\/lemasdantonine.com\/index.php\/wp-json\/wp\/v2\/pages\/308\/revisions"}],"predecessor-version":[{"id":319,"href":"https:\/\/lemasdantonine.com\/index.php\/wp-json\/wp\/v2\/pages\/308\/revisions\/319"}],"wp:attachment":[{"href":"https:\/\/lemasdantonine.com\/index.php\/wp-json\/wp\/v2\/media?parent=308"}],"curies":[{"name":"wp","href":"https:\/\/api.w.org\/{rel}","templated":true}]}}